{"id":1828,"date":"2021-10-30T12:20:12","date_gmt":"2021-10-30T10:20:12","guid":{"rendered":"http:\/\/www.foerderverein-dorfgemeinschaft-fischenich.de\/?page_id=1828"},"modified":"2021-10-30T13:57:07","modified_gmt":"2021-10-30T11:57:07","slug":"beitrittserklaerung","status":"publish","type":"page","link":"https:\/\/www.foerderverein-dorfgemeinschaft-fischenich.de\/?page_id=1828","title":{"rendered":"Beitrittserkl\u00e4rung"},"content":{"rendered":"<p>\n<div class=\"wpcf7 no-js\" id=\"wpcf7-f1812-o1\" lang=\"de-DE\" dir=\"ltr\" data-wpcf7-id=\"1812\">\n<div class=\"screen-reader-response\"><p role=\"status\" aria-live=\"polite\" aria-atomic=\"true\"><\/p> <ul><\/ul><\/div>\n<form action=\"\/index.php?rest_route=%2Fwp%2Fv2%2Fpages%2F1828#wpcf7-f1812-o1\" method=\"post\" class=\"wpcf7-form init\" aria-label=\"Kontaktformular\" novalidate=\"novalidate\" data-status=\"init\">\n<div style=\"display: none;\">\n<input type=\"hidden\" name=\"_wpcf7\" value=\"1812\" \/>\n<input type=\"hidden\" name=\"_wpcf7_version\" value=\"6.0.6\" \/>\n<input type=\"hidden\" name=\"_wpcf7_locale\" value=\"de_DE\" \/>\n<input type=\"hidden\" name=\"_wpcf7_unit_tag\" value=\"wpcf7-f1812-o1\" \/>\n<input type=\"hidden\" name=\"_wpcf7_container_post\" value=\"0\" \/>\n<input type=\"hidden\" name=\"_wpcf7_posted_data_hash\" value=\"\" \/>\n<\/div>\n<p>Beitrittserkl\u00e4rung<br \/>\nHiermit erkl\u00e4re ich meinen Beitritt zum F\u00f6rderverein der Dorfgemeinschaft H\u00fcrth-Fischenich e. V.. Der Jahresbeitrag wird von der Mitgliederversammlung beschlossen. Er betr\u00e4gt zur Zeit 15,00 \u20ac j\u00e4hrlich. Bei Eintritt bis zum 30.6. ist der Jahresbeitrag, bei Eintritt ab dem 1.7. der halbe Jahresbeitrag f\u00e4llig.<br \/>\nDie Mitgliedschaft kann gek\u00fcndigt werden mit einer Frist von 4 Wochen zum Ende eines Kalenderjahres. Die K\u00fcndigung bedarf der Textform.<br \/>\nIch bin mit der Erhebung, Verarbeitung und Nutzung folgender personenbezogener Daten durch den Verein zur Mitgliederverwaltung im Wege der elektronischen Datenverarbeitung einverstanden: Name, Anschrift, Geburtsdatum, Telefonnummer, E-Mail-Adresse.\n<\/p>\n<p>Ihr Name (Pflichtfeld)\n<\/p>\n<p><span class=\"wpcf7-form-control-wrap\" data-name=\"your-name\"><input size=\"40\" maxlength=\"400\" class=\"wpcf7-form-control wpcf7-text wpcf7-validates-as-required\" aria-required=\"true\" aria-invalid=\"false\" value=\"\" type=\"text\" name=\"your-name\" \/><\/span>\n<\/p>\n<p>Stra\u00dfe \/ Hausnummer\n<\/p>\n<p><span class=\"wpcf7-form-control-wrap\" data-name=\"text-775\"><input size=\"40\" maxlength=\"400\" class=\"wpcf7-form-control wpcf7-text\" aria-invalid=\"false\" value=\"\" type=\"text\" name=\"text-775\" \/><\/span>\n<\/p>\n<p>PLZ\/Ort\n<\/p>\n<p><span class=\"wpcf7-form-control-wrap\" data-name=\"text-842\"><input size=\"40\" maxlength=\"400\" class=\"wpcf7-form-control wpcf7-text\" aria-invalid=\"false\" value=\"\" type=\"text\" name=\"text-842\" \/><\/span>\n<\/p>\n<p>Ihre E-Mail-Adresse (Pflichtfeld)\n<\/p>\n<p><span class=\"wpcf7-form-control-wrap\" data-name=\"your-email\"><input size=\"40\" maxlength=\"400\" class=\"wpcf7-form-control wpcf7-email wpcf7-validates-as-required wpcf7-text wpcf7-validates-as-email\" aria-required=\"true\" aria-invalid=\"false\" value=\"\" type=\"email\" name=\"your-email\" \/><\/span>\n<\/p>\n<p>Geburtsdaten\n<\/p>\n<p><span class=\"wpcf7-form-control-wrap\" data-name=\"text-900\"><input size=\"40\" maxlength=\"400\" class=\"wpcf7-form-control wpcf7-text\" aria-invalid=\"false\" value=\"\" type=\"text\" name=\"text-900\" \/><\/span>\n<\/p>\n<p>Einzugserm\u00e4chtigung \/ SEPA-Lastschriftmandat<br \/>\nZahlungsempf\u00e4nger Name: F\u00f6rderverein der Dorfgemeinschaft H\u00fcrth-Fischenich von 1894 e. V.\n<\/p>\n<p>Zahlungspflichtiger (Kontoinhaber)\n<\/p>\n<p>Ihr Name (Pflichtfeld)\n<\/p>\n<p><span class=\"wpcf7-form-control-wrap\" data-name=\"your-name\"><input size=\"40\" maxlength=\"400\" class=\"wpcf7-form-control wpcf7-text wpcf7-validates-as-required\" aria-required=\"true\" aria-invalid=\"false\" value=\"\" type=\"text\" name=\"your-name\" \/><\/span>\n<\/p>\n<p>Stra\u00dfe\n<\/p>\n<p><span class=\"wpcf7-form-control-wrap\" data-name=\"text-775\"><input size=\"40\" maxlength=\"400\" class=\"wpcf7-form-control wpcf7-text\" aria-invalid=\"false\" value=\"\" type=\"text\" name=\"text-775\" \/><\/span>\n<\/p>\n<p>PLZ\/Ort\n<\/p>\n<p><span class=\"wpcf7-form-control-wrap\" data-name=\"text-842\"><input size=\"40\" maxlength=\"400\" class=\"wpcf7-form-control wpcf7-text\" aria-invalid=\"false\" value=\"\" type=\"text\" name=\"text-842\" \/><\/span>\n<\/p>\n<p>Ort \/ Datum\n<\/p>\n<p><span class=\"wpcf7-form-control-wrap\" data-name=\"text-92\"><input size=\"40\" maxlength=\"400\" class=\"wpcf7-form-control wpcf7-text\" aria-invalid=\"false\" value=\"\" type=\"text\" name=\"text-92\" \/><\/span>\n<\/p>\n<p>IBAN \/ Kreditinstitut<b\/><br \/>\n<span class=\"wpcf7-form-control-wrap\" data-name=\"text-106\"><input size=\"40\" maxlength=\"400\" class=\"wpcf7-form-control wpcf7-text\" aria-invalid=\"false\" value=\"\" type=\"text\" name=\"text-106\" \/><\/span><br \/>\nHiermit erm\u00e4chtige ich bis auf Widerruf den Zahlungsempf\u00e4nger (Name siehe oben) widerruflich, die von mir zu entrichtenden Zahlungen (Mitgliedsbeitr\u00e4ge, z. Z. 15.- \u20ac j\u00e4hrlich) bei F\u00e4lligkeit durch Lastschrift von meinem Konto einzuziehen.<br \/>\nBelehrung: Ich kann jederzeit die Genehmigung zum Bankeinzug wiederrufen, was mich aber nicht von der Zahlungspflicht entbindet. Bei zu Unrecht eingezogenen Beitr\u00e4gen kann ich innerhalb von acht Wochen, beginnend mit dem Belastungsdatum die Erstattung des belasteten Betrags verlangen.<br \/>\n<input class=\"wpcf7-form-control wpcf7-submit has-spinner\" type=\"submit\" value=\"Senden\" \/><\/b>\n<\/p><div class=\"wpcf7-response-output\" aria-hidden=\"true\"><\/div>\n<\/form>\n<\/div>\n<\/p>\n","protected":false},"excerpt":{"rendered":"","protected":false},"author":5,"featured_media":0,"parent":0,"menu_order":0,"comment_status":"closed","ping_status":"closed","template":"","meta":{"ngg_post_thumbnail":0,"footnotes":""},"class_list":["post-1828","page","type-page","status-publish","hentry","nodate","item-wrap"],"aioseo_notices":[],"_links":{"self":[{"href":"https:\/\/www.foerderverein-dorfgemeinschaft-fischenich.de\/index.php?rest_route=\/wp\/v2\/pages\/1828","targetHints":{"allow":["GET"]}}],"collection":[{"href":"https:\/\/www.foerderverein-dorfgemeinschaft-fischenich.de\/index.php?rest_route=\/wp\/v2\/pages"}],"about":[{"href":"https:\/\/www.foerderverein-dorfgemeinschaft-fischenich.de\/index.php?rest_route=\/wp\/v2\/types\/page"}],"author":[{"embeddable":true,"href":"https:\/\/www.foerderverein-dorfgemeinschaft-fischenich.de\/index.php?rest_route=\/wp\/v2\/users\/5"}],"replies":[{"embeddable":true,"href":"https:\/\/www.foerderverein-dorfgemeinschaft-fischenich.de\/index.php?rest_route=%2Fwp%2Fv2%2Fcomments&post=1828"}],"version-history":[{"count":3,"href":"https:\/\/www.foerderverein-dorfgemeinschaft-fischenich.de\/index.php?rest_route=\/wp\/v2\/pages\/1828\/revisions"}],"predecessor-version":[{"id":1833,"href":"https:\/\/www.foerderverein-dorfgemeinschaft-fischenich.de\/index.php?rest_route=\/wp\/v2\/pages\/1828\/revisions\/1833"}],"wp:attachment":[{"href":"https:\/\/www.foerderverein-dorfgemeinschaft-fischenich.de\/index.php?rest_route=%2Fwp%2Fv2%2Fmedia&parent=1828"}],"curies":[{"name":"wp","href":"https:\/\/api.w.org\/{rel}","templated":true}]}}