{"id":1703,"date":"2018-12-13T16:46:44","date_gmt":"2018-12-13T15:46:44","guid":{"rendered":"http:\/\/www.foerderverein-dorfgemeinschaft-fischenich.de\/?page_id=1703"},"modified":"2025-03-31T09:56:26","modified_gmt":"2025-03-31T07:56:26","slug":"start","status":"publish","type":"page","link":"https:\/\/www.foerderverein-dorfgemeinschaft-fischenich.de\/","title":{"rendered":"Willkommen"},"content":{"rendered":"<p><div id=\"attachment_1900\" style=\"width: 555px\" class=\"wp-caption aligncenter\"><a href=\"http:\/\/www.foerderverein-dorfgemeinschaft-fischenich.de\/wp-content\/uploads\/2025\/03\/Dorfgemeinschaft-Vorstand.jpg\"><img loading=\"lazy\" decoding=\"async\" aria-describedby=\"caption-attachment-1900\" class=\"wp-image-1900 size-large\" src=\"http:\/\/www.foerderverein-dorfgemeinschaft-fischenich.de\/wp-content\/uploads\/2025\/03\/Dorfgemeinschaft-Vorstand-1024x512.jpg\" alt=\"\" width=\"555\" height=\"278\" srcset=\"https:\/\/www.foerderverein-dorfgemeinschaft-fischenich.de\/wp-content\/uploads\/2025\/03\/Dorfgemeinschaft-Vorstand-1024x512.jpg 1024w, https:\/\/www.foerderverein-dorfgemeinschaft-fischenich.de\/wp-content\/uploads\/2025\/03\/Dorfgemeinschaft-Vorstand-300x150.jpg 300w, https:\/\/www.foerderverein-dorfgemeinschaft-fischenich.de\/wp-content\/uploads\/2025\/03\/Dorfgemeinschaft-Vorstand-768x384.jpg 768w, https:\/\/www.foerderverein-dorfgemeinschaft-fischenich.de\/wp-content\/uploads\/2025\/03\/Dorfgemeinschaft-Vorstand-555x278.jpg 555w, https:\/\/www.foerderverein-dorfgemeinschaft-fischenich.de\/wp-content\/uploads\/2025\/03\/Dorfgemeinschaft-Vorstand.jpg 1200w\" sizes=\"auto, (max-width: 555px) 100vw, 555px\" \/><\/a><p id=\"caption-attachment-1900\" class=\"wp-caption-text\">Vorstand der Dorfgemeinschaft Fischenich<\/p><\/div><\/p>\n<p data-start=\"56\" data-end=\"126\"><strong data-start=\"56\" data-end=\"124\">Gemeinsam f\u00fcr Fischenich \u2013 Tradition bewahren, Zukunft gestalten &#8211; wir unterst\u00fctzen die Dorfgemeinschaft bei ihren vielf\u00e4ltigen Aufgaben<\/strong><\/p>\n<p class=\"\" data-start=\"128\" data-end=\"340\">Ob Karnevalszug, Feste, Ehrungen oder anderweitige finanzielle Unterst\u00fctzung&nbsp; \u2013<\/p>\n<p class=\"\" data-start=\"128\" data-end=\"340\">der <strong data-start=\"227\" data-end=\"286\">F\u00f6rderverein der <\/strong><strong data-start=\"227\" data-end=\"286\">Dorfgemeinschaft H\u00fcrth-Fischenich e.V.<\/strong> tr\u00e4gt dazu bei unser Dorfleben lebendig zu halten.<\/p>\n<p class=\"\" data-start=\"342\" data-end=\"583\">Mit nur <strong data-start=\"350\" data-end=\"372\">15 \u20ac Jahresbeitrag<\/strong> unterst\u00fctzt ihr die Finanzierung von Veranstaltungen, kulturellen Highlights und gemeinn\u00fctzigen Projekten. So sorgen wir gemeinsam daf\u00fcr, dass unsere Traditionen weiterleben und Platz f\u00fcr neue Ideen entsteht.<\/p>\n<p class=\"\" data-start=\"585\" data-end=\"664\">Werdet Mitglied und gestaltet mit uns die Zukunft unseres sch\u00f6nen Fischenich!<\/p>\n<p>Hier direkt online ausf\u00fcllen: <a href=\"https:\/\/www.foerderverein-dorfgemeinschaft-fischenich.de\/?page_id=1828\">Beitrittserkl\u00e4rung<\/a><\/p>\n","protected":false},"excerpt":{"rendered":"<p>Gemeinsam f\u00fcr Fischenich \u2013 Tradition bewahren, Zukunft gestalten &#8211; wir unterst\u00fctzen die Dorfgemeinschaft bei ihren vielf\u00e4ltigen Aufgaben Ob Karnevalszug, Feste, Ehrungen oder anderweitige finanzielle Unterst\u00fctzung&nbsp; \u2013 der F\u00f6rderverein der Dorfgemeinschaft H\u00fcrth-Fischenich e.V. tr\u00e4gt dazu bei unser Dorfleben lebendig zu halten. Mit nur 15 \u20ac Jahresbeitrag unterst\u00fctzt ihr die Finanzierung von Veranstaltungen, kulturellen Highlights und gemeinn\u00fctzigen &hellip; <\/p>\n<p><a class=\"more-link btn\" href=\"https:\/\/www.foerderverein-dorfgemeinschaft-fischenich.de\/\">Weiterlesen<\/a><\/p>\n","protected":false},"author":5,"featured_media":0,"parent":0,"menu_order":0,"comment_status":"closed","ping_status":"closed","template":"template-onecolumn.php","meta":{"ngg_post_thumbnail":0,"footnotes":""},"class_list":["post-1703","page","type-page","status-publish","hentry","nodate","item-wrap"],"aioseo_notices":[],"_links":{"self":[{"href":"https:\/\/www.foerderverein-dorfgemeinschaft-fischenich.de\/index.php?rest_route=\/wp\/v2\/pages\/1703","targetHints":{"allow":["GET"]}}],"collection":[{"href":"https:\/\/www.foerderverein-dorfgemeinschaft-fischenich.de\/index.php?rest_route=\/wp\/v2\/pages"}],"about":[{"href":"https:\/\/www.foerderverein-dorfgemeinschaft-fischenich.de\/index.php?rest_route=\/wp\/v2\/types\/page"}],"author":[{"embeddable":true,"href":"https:\/\/www.foerderverein-dorfgemeinschaft-fischenich.de\/index.php?rest_route=\/wp\/v2\/users\/5"}],"replies":[{"embeddable":true,"href":"https:\/\/www.foerderverein-dorfgemeinschaft-fischenich.de\/index.php?rest_route=%2Fwp%2Fv2%2Fcomments&post=1703"}],"version-history":[{"count":28,"href":"https:\/\/www.foerderverein-dorfgemeinschaft-fischenich.de\/index.php?rest_route=\/wp\/v2\/pages\/1703\/revisions"}],"predecessor-version":[{"id":1902,"href":"https:\/\/www.foerderverein-dorfgemeinschaft-fischenich.de\/index.php?rest_route=\/wp\/v2\/pages\/1703\/revisions\/1902"}],"wp:attachment":[{"href":"https:\/\/www.foerderverein-dorfgemeinschaft-fischenich.de\/index.php?rest_route=%2Fwp%2Fv2%2Fmedia&parent=1703"}],"curies":[{"name":"wp","href":"https:\/\/api.w.org\/{rel}","templated":true}]}}