{"id":10,"date":"2011-10-03T20:01:18","date_gmt":"2011-10-03T20:01:18","guid":{"rendered":"http:\/\/www.foerderverein-dorfgemeinschaft-fischenich.de\/?page_id=10"},"modified":"2025-06-30T21:25:55","modified_gmt":"2025-06-30T19:25:55","slug":"vorstand","status":"publish","type":"page","link":"https:\/\/www.foerderverein-dorfgemeinschaft-fischenich.de\/?page_id=10","title":{"rendered":"Vorstand"},"content":{"rendered":"<h3><span style=\"color: #000000;\"><strong>Vorsitzender<\/strong><\/span><\/h3>\n<p><span style=\"color: #000000;\">Karl-Heinz Vetter<\/span><\/p>\n<h3><span style=\"color: #000000;\"><strong>Kassiererin<\/strong><\/span><\/h3>\n<p><span style=\"color: #000000;\">Marianne H\u00e4u\u00dfler<\/span><\/p>\n<h3><span style=\"color: #000000;\"><strong>Schriftf\u00fchrer<\/strong><\/span><\/h3>\n<p>&#8211;<\/p>\n<h3><span style=\"color: #000000;\"><strong>Beisitzerinnen<\/strong><\/span><\/h3>\n<p><span style=\"color: #000000;\">Angelika Stauber und Inge Vetter<\/span><\/p>\n","protected":false},"excerpt":{"rendered":"<p>Vorsitzender Karl-Heinz Vetter Kassiererin Marianne H\u00e4u\u00dfler Schriftf\u00fchrer &#8211; Beisitzerinnen Angelika Stauber und Inge Vetter<\/p>\n","protected":false},"author":5,"featured_media":0,"parent":0,"menu_order":3,"comment_status":"open","ping_status":"open","template":"template-threecolumnscenter.php","meta":{"ngg_post_thumbnail":0,"footnotes":""},"class_list":["post-10","page","type-page","status-publish","hentry","nodate","item-wrap"],"aioseo_notices":[],"_links":{"self":[{"href":"https:\/\/www.foerderverein-dorfgemeinschaft-fischenich.de\/index.php?rest_route=\/wp\/v2\/pages\/10","targetHints":{"allow":["GET"]}}],"collection":[{"href":"https:\/\/www.foerderverein-dorfgemeinschaft-fischenich.de\/index.php?rest_route=\/wp\/v2\/pages"}],"about":[{"href":"https:\/\/www.foerderverein-dorfgemeinschaft-fischenich.de\/index.php?rest_route=\/wp\/v2\/types\/page"}],"author":[{"embeddable":true,"href":"https:\/\/www.foerderverein-dorfgemeinschaft-fischenich.de\/index.php?rest_route=\/wp\/v2\/users\/5"}],"replies":[{"embeddable":true,"href":"https:\/\/www.foerderverein-dorfgemeinschaft-fischenich.de\/index.php?rest_route=%2Fwp%2Fv2%2Fcomments&post=10"}],"version-history":[{"count":9,"href":"https:\/\/www.foerderverein-dorfgemeinschaft-fischenich.de\/index.php?rest_route=\/wp\/v2\/pages\/10\/revisions"}],"predecessor-version":[{"id":1912,"href":"https:\/\/www.foerderverein-dorfgemeinschaft-fischenich.de\/index.php?rest_route=\/wp\/v2\/pages\/10\/revisions\/1912"}],"wp:attachment":[{"href":"https:\/\/www.foerderverein-dorfgemeinschaft-fischenich.de\/index.php?rest_route=%2Fwp%2Fv2%2Fmedia&parent=10"}],"curies":[{"name":"wp","href":"https:\/\/api.w.org\/{rel}","templated":true}]}}